{"id":161,"date":"2023-06-01T14:07:33","date_gmt":"2023-06-01T17:07:33","guid":{"rendered":"https:\/\/amssuprimentos.com.br\/?page_id=161"},"modified":"2023-06-13T08:40:59","modified_gmt":"2023-06-13T11:40:59","slug":"baixe-o-app","status":"publish","type":"page","link":"https:\/\/amssuprimentos.com.br\/?page_id=161","title":{"rendered":"Baixe o APP"},"content":{"rendered":"<p>[et_pb_section fb_built=&#8221;1&#8243; custom_padding_last_edited=&#8221;on|desktop&#8221; admin_label=&#8221;Header&#8221; _builder_version=&#8221;4.9.4&#8243; background_color=&#8221;#220251&#8243; use_background_color_gradient=&#8221;on&#8221; background_color_gradient_start=&#8221;#220251&#8243; background_color_gradient_end=&#8221;#220251&#8243; background_color_gradient_direction=&#8221;90deg&#8221; background_color_gradient_start_position=&#8221;50%&#8221; background_color_gradient_end_position=&#8221;50%&#8221; background_enable_image=&#8221;off&#8221; background_size=&#8221;contain&#8221; background_position=&#8221;bottom_right&#8221; custom_padding=&#8221;5vw||5vw||true|false&#8221; custom_padding_tablet=&#8221;&#8221; custom_padding_phone=&#8221;40px||40px||true|false&#8221; bottom_divider_height=&#8221;21vw&#8221; bottom_divider_repeat=&#8221;0x&#8221; bottom_divider_flip=&#8221;horizontal&#8221; bottom_divider_arrangement=&#8221;above_content&#8221; bottom_divider_height_tablet=&#8221;&#8221; bottom_divider_height_phone=&#8221;0px&#8221; bottom_divider_height_last_edited=&#8221;on|phone&#8221; box_shadow_style__hover=&#8221;none&#8221; box_shadow_style__hover_enabled=&#8221;none&#8221; box_shadow_color__hover=&#8221;rgba(0,0,0,0.3)&#8221; box_shadow_color__hover_enabled=&#8221;rgba(0,0,0,0.3)&#8221; bottom_divider_height__hover_enabled=&#8221;on&#8221; bottom_divider_height__hover=&#8221;19vw&#8221;][et_pb_row _builder_version=&#8221;4.9.4&#8243; _module_preset=&#8221;default&#8221;][et_pb_column type=&#8221;4_4&#8243; _builder_version=&#8221;4.9.4&#8243; _module_preset=&#8221;default&#8221;][et_pb_text _builder_version=&#8221;4.9.4&#8243; _module_preset=&#8221;default&#8221; text_font=&#8221;Georgia||||||||&#8221; text_text_color=&#8221;#FFFFFF&#8221; text_font_size=&#8221;30px&#8221; text_line_height=&#8221;1.4em&#8221; header_2_font=&#8221;|700|||||||&#8221; header_2_text_align=&#8221;center&#8221; header_2_text_color=&#8221;#FFFFFF&#8221; header_2_font_size=&#8221;57px&#8221; background_color=&#8221;RGBA(0,0,0,0)&#8221; text_orientation=&#8221;center&#8221; custom_margin=&#8221;0px||9px||false|false&#8221; custom_padding=&#8221;0px||0px||true|false&#8221;]<\/p>\n<h2><strong>Voc\u00ea no aplicativo \u00e9 Vip!<\/strong><\/h2>\n<p><strong><\/strong><\/p>\n<p>Baixe o app <span style=\"color: #ffff00;\">AMS SUPRIMENTOS<\/span> e confira promo\u00e7\u00f5es exclusivas para o aplicativo.<\/p>\n<p>[\/et_pb_text][\/et_pb_column][\/et_pb_row][et_pb_row column_structure=&#8221;1_2,1_2&#8243; _builder_version=&#8221;4.9.4&#8243; _module_preset=&#8221;default&#8221;][et_pb_column type=&#8221;1_2&#8243; _builder_version=&#8221;4.9.4&#8243; _module_preset=&#8221;default&#8221;][et_pb_image src=&#8221;https:\/\/amssuprimentos.com.br\/wp-content\/uploads\/2023\/06\/aplicativo-ams-sem-fundo.png&#8221; title_text=&#8221;aplicativo ams sem fundo&#8221; _builder_version=&#8221;4.9.4&#8243; _module_preset=&#8221;default&#8221;][\/et_pb_image][\/et_pb_column][et_pb_column type=&#8221;1_2&#8243; _builder_version=&#8221;4.9.4&#8243; _module_preset=&#8221;default&#8221;][et_pb_image src=&#8221;https:\/\/amssuprimentos.com.br\/wp-content\/uploads\/2023\/06\/Dispomivel-5-1.png&#8221; title_text=&#8221;Dispom\u00edvel (5) (1)&#8221; url=&#8221;https:\/\/play.google.com\/store\/apps\/details?id=br.com.grupow2abrasil.snapstore.ams&#8221; align=&#8221;right&#8221; force_fullwidth=&#8221;on&#8221; align_tablet=&#8221;&#8221; align_phone=&#8221;center&#8221; align_last_edited=&#8221;on|phone&#8221; _builder_version=&#8221;4.9.4&#8243; _module_preset=&#8221;default&#8221; custom_margin=&#8221;-169px|0px||-119px|false|false&#8221; custom_margin_tablet=&#8221;&#8221; custom_margin_phone=&#8221;-114px|0px||0px|false|false&#8221; custom_margin_last_edited=&#8221;on|phone&#8221; custom_padding=&#8221;0px||||false|false&#8221; hover_enabled=&#8221;0&#8243; sticky_enabled=&#8221;0&#8243;][\/et_pb_image][et_pb_image src=&#8221;https:\/\/amssuprimentos.com.br\/wp-content\/uploads\/2023\/06\/Disponivel-app-store-1.png&#8221; title_text=&#8221;Disponivel app store 1&#8243; url=&#8221;https:\/\/apps.apple.com\/br\/app\/ams-suprimentos\/id1670904183&#8243; align=&#8221;center&#8221; force_fullwidth=&#8221;on&#8221; _builder_version=&#8221;4.9.4&#8243; _module_preset=&#8221;default&#8221; custom_margin=&#8221;-176px|||-115px|false|false&#8221; custom_margin_tablet=&#8221;&#8221; custom_margin_phone=&#8221;-160px|||0px|false|false&#8221; custom_margin_last_edited=&#8221;on|phone&#8221; custom_padding=&#8221;10px||||false|false&#8221;][\/et_pb_image][\/et_pb_column][\/et_pb_row][et_pb_row _builder_version=&#8221;4.9.4&#8243; _module_preset=&#8221;default&#8221;][et_pb_column type=&#8221;4_4&#8243; _builder_version=&#8221;4.9.4&#8243; _module_preset=&#8221;default&#8221;][et_pb_text admin_label=&#8221;Title&#8221; _builder_version=&#8221;4.9.4&#8243; text_font=&#8221;||||||||&#8221; text_font_size=&#8221;27px&#8221; text_line_height=&#8221;1.8em&#8221; header_font=&#8221;||||||||&#8221; header_2_font=&#8221;Oswald|600|on|on|||||&#8221; header_2_text_align=&#8221;center&#8221; header_2_font_size=&#8221;3vw&#8221; header_2_letter_spacing=&#8221;0.18em&#8221; header_2_line_height=&#8221;1.4em&#8221; background_layout=&#8221;dark&#8221; max_width=&#8221;150%&#8221; custom_margin=&#8221;-100px|||0vw|false|false&#8221; custom_margin_tablet=&#8221;|||0vw&#8221; custom_margin_phone=&#8221;||0px&#8221; custom_margin_last_edited=&#8221;on|phone&#8221; custom_padding=&#8221;0px||59px||false|false&#8221; animation_style=&#8221;slide&#8221; animation_direction=&#8221;left&#8221; animation_delay=&#8221;100ms&#8221; animation_intensity_slide=&#8221;10%&#8221; header_2_font_size_tablet=&#8221;7.5vw&#8221; header_2_font_size_phone=&#8221;&#8221; header_2_font_size_last_edited=&#8221;on|desktop&#8221; header_2_text_shadow_style=&#8221;preset3&#8243; header_2_text_shadow_horizontal_length=&#8221;-0.14em&#8221; header_2_text_shadow_vertical_length=&#8221;0.07em&#8221; header_2_text_shadow_blur_strength=&#8221;0.75em&#8221; header_2_text_shadow_color=&#8221;#262d3f&#8221; locked=&#8221;off&#8221;]<\/p>\n<h2>Frete <span style=\"color: #ffff00;\">gr\u00e1tis<\/span><\/h2>\n<p style=\"text-align: center;\">Consulte condi\u00e7\u00f5es de frete gr\u00e1tis para sua cidade!<\/p>\n<p>[\/et_pb_text][\/et_pb_column][\/et_pb_row][et_pb_row _builder_version=&#8221;4.9.4&#8243; _module_preset=&#8221;default&#8221; background_color=&#8221;#0C71C3&#8243;][et_pb_column type=&#8221;4_4&#8243; _builder_version=&#8221;4.9.4&#8243; _module_preset=&#8221;default&#8221;][et_pb_text _builder_version=&#8221;4.9.4&#8243; _module_preset=&#8221;default&#8221; text_text_color=&#8221;#FFFFFF&#8221; text_font_size=&#8221;23px&#8221; text_orientation=&#8221;center&#8221; width=&#8221;86%&#8221; module_alignment=&#8221;center&#8221;]<\/p>\n<p><span>Agora ficou r\u00e1pido e f\u00e1cil fazer as suas compras, baixe o aplicativo\u00a0<\/span><span style=\"color: #ffff00;\">AMS SUPRIMENTOS<\/span><span>,\u00a0 e compre online de onde estiver.<\/span><\/p>\n<p>[\/et_pb_text][\/et_pb_column][\/et_pb_row][\/et_pb_section][et_pb_section fb_built=&#8221;1&#8243; admin_label=&#8221;About&#8221; _builder_version=&#8221;4.9.4&#8243; background_color=&#8221;#fbfcfd&#8221; custom_margin=&#8221;-14px||||false|false&#8221; custom_padding=&#8221;0|0px|54px|0px|false|false&#8221;][et_pb_row _builder_version=&#8221;4.9.4&#8243; use_background_color_gradient=&#8221;on&#8221; custom_margin=&#8221;29px|auto||auto||&#8221; custom_padding=&#8221;27px|||||&#8221;][et_pb_column type=&#8221;4_4&#8243; _builder_version=&#8221;3.25&#8243; custom_padding=&#8221;|||&#8221; custom_padding__hover=&#8221;|||&#8221;][et_pb_text admin_label=&#8221;Title&#8221; _builder_version=&#8221;4.9.4&#8243; text_font=&#8221;||||||||&#8221; header_font=&#8221;||||||||&#8221; header_2_font=&#8221;Oswald|700|on|on|||||&#8221; header_2_font_size=&#8221;14vw&#8221; header_2_letter_spacing=&#8221;0.18em&#8221; background_color=&#8221;#aa7e8c&#8221; background_layout=&#8221;dark&#8221; min_height=&#8221;206px&#8221; height=&#8221;116px&#8221; custom_margin_tablet=&#8221;|||0vw&#8221; custom_margin_phone=&#8221;||&#8221; custom_margin_last_edited=&#8221;off|desktop&#8221; animation_style=&#8221;slide&#8221; animation_direction=&#8221;left&#8221; animation_delay=&#8221;100ms&#8221; animation_intensity_slide=&#8221;10%&#8221; header_2_font_size_tablet=&#8221;7.5vw&#8221; header_2_font_size_last_edited=&#8221;off|desktop&#8221; header_2_text_shadow_style=&#8221;preset3&#8243; header_2_text_shadow_horizontal_length=&#8221;-0.14em&#8221; header_2_text_shadow_vertical_length=&#8221;0.1em&#8221; header_2_text_shadow_blur_strength=&#8221;0.8em&#8221; header_2_text_shadow_color=&#8221;rgba(149,173,193,0.46)&#8221; locked=&#8221;off&#8221; custom_margin__hover_enabled=&#8221;on&#8221; custom_margin__hover=&#8221;|||5px&#8221;]<\/p>\n<h2>ams<\/h2>\n<p>[\/et_pb_text][et_pb_text admin_label=&#8221;Title&#8221; _builder_version=&#8221;4.9.4&#8243; text_font=&#8221;||||||||&#8221; ul_font=&#8221;||||||||&#8221; ol_font=&#8221;||||||||&#8221; header_font=&#8221;||||||||&#8221; header_2_font=&#8221;||||||||&#8221; header_3_font=&#8221;Oswald||on|on|||||&#8221; header_3_font_size=&#8221;12px&#8221; header_3_letter_spacing=&#8221;7px&#8221; header_3_line_height=&#8221;1.6em&#8221; header_4_font=&#8221;||||||||&#8221; header_5_font=&#8221;||||||||&#8221; header_6_font=&#8221;||||||||&#8221; custom_margin=&#8221;||0px|40px&#8221; custom_margin_tablet=&#8221;&#8221; custom_margin_phone=&#8221;|||0px&#8221; custom_margin_last_edited=&#8221;on|phone&#8221; custom_padding=&#8221;|5vw||&#8221; custom_padding_tablet=&#8221;&#8221; custom_padding_phone=&#8221;|0vw||&#8221; custom_padding_last_edited=&#8221;on|phone&#8221; animation_style=&#8221;slide&#8221; animation_direction=&#8221;left&#8221; animation_intensity_slide=&#8221;10%&#8221; header_3_font_size_tablet=&#8221;4vw&#8221; header_3_font_size_last_edited=&#8221;off|desktop&#8221; locked=&#8221;off&#8221; header_font_size__hover=&#8221;30px&#8221; header_font_size__hover_enabled=&#8221;30px&#8221; header_letter_spacing__hover=&#8221;0px&#8221; header_letter_spacing__hover_enabled=&#8221;0px&#8221; header_text_shadow_style__hover=&#8221;none&#8221; header_text_shadow_style__hover_enabled=&#8221;none&#8221; header_text_shadow_color__hover=&#8221;rgba(0,0,0,0.4)&#8221; header_text_shadow_color__hover_enabled=&#8221;rgba(0,0,0,0.4)&#8221;]<\/p>\n<h3>Suprimentos<\/h3>\n<p>[\/et_pb_text][et_pb_divider color=&#8221;#ff4c00&#8243; divider_weight=&#8221;2px&#8221; _builder_version=&#8221;3.16.1&#8243; max_width=&#8221;140px&#8221; module_alignment=&#8221;left&#8221; height=&#8221;10px&#8221; custom_margin=&#8221;|||&#8221; animation_style=&#8221;fade&#8221; locked=&#8221;off&#8221;][\/et_pb_divider][\/et_pb_column][\/et_pb_row][\/et_pb_section]<\/p>\n","protected":false},"excerpt":{"rendered":"<p>[et_pb_section fb_built=&#8221;1&#8243; custom_padding_last_edited=&#8221;on|desktop&#8221; admin_label=&#8221;Header&#8221; _builder_version=&#8221;4.9.4&#8243; background_color=&#8221;#220251&#8243; use_background_color_gradient=&#8221;on&#8221; background_color_gradient_start=&#8221;#220251&#8243; background_color_gradient_end=&#8221;#220251&#8243; background_color_gradient_direction=&#8221;90deg&#8221; background_color_gradient_start_position=&#8221;50%&#8221; background_color_gradient_end_position=&#8221;50%&#8221; background_enable_image=&#8221;off&#8221; background_size=&#8221;contain&#8221; background_position=&#8221;bottom_right&#8221; custom_padding=&#8221;5vw||5vw||true|false&#8221; custom_padding_tablet=&#8221;&#8221; custom_padding_phone=&#8221;40px||40px||true|false&#8221; bottom_divider_height=&#8221;21vw&#8221; bottom_divider_repeat=&#8221;0x&#8221; bottom_divider_flip=&#8221;horizontal&#8221; bottom_divider_arrangement=&#8221;above_content&#8221; bottom_divider_height_tablet=&#8221;&#8221; bottom_divider_height_phone=&#8221;0px&#8221; bottom_divider_height_last_edited=&#8221;on|phone&#8221; box_shadow_style__hover=&#8221;none&#8221; box_shadow_style__hover_enabled=&#8221;none&#8221; box_shadow_color__hover=&#8221;rgba(0,0,0,0.3)&#8221; box_shadow_color__hover_enabled=&#8221;rgba(0,0,0,0.3)&#8221; bottom_divider_height__hover_enabled=&#8221;on&#8221; bottom_divider_height__hover=&#8221;19vw&#8221;][et_pb_row _builder_version=&#8221;4.9.4&#8243; _module_preset=&#8221;default&#8221;][et_pb_column type=&#8221;4_4&#8243; _builder_version=&#8221;4.9.4&#8243; _module_preset=&#8221;default&#8221;][et_pb_text _builder_version=&#8221;4.9.4&#8243; _module_preset=&#8221;default&#8221; text_font=&#8221;Georgia||||||||&#8221; text_text_color=&#8221;#FFFFFF&#8221; text_font_size=&#8221;30px&#8221; text_line_height=&#8221;1.4em&#8221; header_2_font=&#8221;|700|||||||&#8221; header_2_text_align=&#8221;center&#8221; header_2_text_color=&#8221;#FFFFFF&#8221; header_2_font_size=&#8221;57px&#8221; background_color=&#8221;RGBA(0,0,0,0)&#8221; text_orientation=&#8221;center&#8221; custom_margin=&#8221;0px||9px||false|false&#8221; custom_padding=&#8221;0px||0px||true|false&#8221;] Voc\u00ea no aplicativo \u00e9 Vip! [&hellip;]<\/p>\n","protected":false},"author":1,"featured_media":0,"parent":0,"menu_order":0,"comment_status":"closed","ping_status":"closed","template":"","meta":{"_et_pb_use_builder":"on","_et_pb_old_content":"Baixe","_et_gb_content_width":"","footnotes":""},"class_list":["post-161","page","type-page","status-publish","hentry"],"_links":{"self":[{"href":"https:\/\/amssuprimentos.com.br\/index.php?rest_route=\/wp\/v2\/pages\/161","targetHints":{"allow":["GET"]}}],"collection":[{"href":"https:\/\/amssuprimentos.com.br\/index.php?rest_route=\/wp\/v2\/pages"}],"about":[{"href":"https:\/\/amssuprimentos.com.br\/index.php?rest_route=\/wp\/v2\/types\/page"}],"author":[{"embeddable":true,"href":"https:\/\/amssuprimentos.com.br\/index.php?rest_route=\/wp\/v2\/users\/1"}],"replies":[{"embeddable":true,"href":"https:\/\/amssuprimentos.com.br\/index.php?rest_route=%2Fwp%2Fv2%2Fcomments&post=161"}],"version-history":[{"count":18,"href":"https:\/\/amssuprimentos.com.br\/index.php?rest_route=\/wp\/v2\/pages\/161\/revisions"}],"predecessor-version":[{"id":310,"href":"https:\/\/amssuprimentos.com.br\/index.php?rest_route=\/wp\/v2\/pages\/161\/revisions\/310"}],"wp:attachment":[{"href":"https:\/\/amssuprimentos.com.br\/index.php?rest_route=%2Fwp%2Fv2%2Fmedia&parent=161"}],"curies":[{"name":"wp","href":"https:\/\/api.w.org\/{rel}","templated":true}]}}